{"id":296,"date":"2025-04-17T14:20:31","date_gmt":"2025-04-17T12:20:31","guid":{"rendered":"http:\/\/kktcvhd.cluster100.hosting.ovh.net\/?page_id=296"},"modified":"2025-06-18T15:43:15","modified_gmt":"2025-06-18T13:43:15","slug":"revue-litteraire","status":"publish","type":"page","link":"https:\/\/laplumequiraconte.fr\/index.php\/revue-litteraire\/","title":{"rendered":"Revue litt\u00e9raire"},"content":{"rendered":"\t\t<div data-elementor-type=\"wp-page\" data-elementor-id=\"296\" class=\"elementor elementor-296\" data-elementor-post-type=\"page\">\n\t\t\t\t<div class=\"elementor-element elementor-element-6bf8e52 e-con-full e-flex e-con e-parent\" data-id=\"6bf8e52\" data-element_type=\"container\" data-settings=\"{&quot;background_background&quot;:&quot;classic&quot;}\">\n\t\t<div class=\"elementor-element elementor-element-137b7f7f e-con-full e-flex e-con e-child\" data-id=\"137b7f7f\" data-element_type=\"container\" data-settings=\"{&quot;background_background&quot;:&quot;classic&quot;}\">\n\t\t\t\t<div class=\"elementor-element elementor-element-9aa4661 elementor-widget elementor-widget-heading\" data-id=\"9aa4661\" data-element_type=\"widget\" data-widget_type=\"heading.default\">\n\t\t\t\t<div class=\"elementor-widget-container\">\n\t\t\t\t\t<h2 class=\"elementor-heading-title elementor-size-default\">La plume qui raconte<\/h2>\t\t\t\t<\/div>\n\t\t\t\t<\/div>\n\t\t\t\t<div class=\"elementor-element elementor-element-20e84e57 elementor-widget elementor-widget-spacer\" data-id=\"20e84e57\" data-element_type=\"widget\" data-widget_type=\"spacer.default\">\n\t\t\t\t<div class=\"elementor-widget-container\">\n\t\t\t\t\t\t\t<div class=\"elementor-spacer\">\n\t\t\t<div class=\"elementor-spacer-inner\"><\/div>\n\t\t<\/div>\n\t\t\t\t\t\t<\/div>\n\t\t\t\t<\/div>\n\t\t\t\t<div class=\"elementor-element elementor-element-1ad2a6b0 elementor-widget__width-inherit elementor-widget elementor-widget-text-editor\" data-id=\"1ad2a6b0\" data-element_type=\"widget\" data-widget_type=\"text-editor.default\">\n\t\t\t\t<div class=\"elementor-widget-container\">\n\t\t\t\t\t\t\t\t\t<p>Bienvenue dans un coin d\u2019\u00e9criture sans \u00e9tiquettes, o\u00f9 je partage\u00a0<br \/>ce qui me touche, m\u2019amuse ou me fait r\u00e9fl\u00e9chir, au fil des jours et des envies.<\/p>\t\t\t\t\t\t\t\t<\/div>\n\t\t\t\t<\/div>\n\t\t\t\t<div class=\"elementor-element elementor-element-5570a7c2 elementor-widget elementor-widget-spacer\" data-id=\"5570a7c2\" data-element_type=\"widget\" data-widget_type=\"spacer.default\">\n\t\t\t\t<div class=\"elementor-widget-container\">\n\t\t\t\t\t\t\t<div class=\"elementor-spacer\">\n\t\t\t<div class=\"elementor-spacer-inner\"><\/div>\n\t\t<\/div>\n\t\t\t\t\t\t<\/div>\n\t\t\t\t<\/div>\n\t\t\t\t<\/div>\n\t\t\t\t<\/div>\n\t\t<div class=\"elementor-element elementor-element-164a93e e-flex e-con-boxed e-con e-parent\" data-id=\"164a93e\" data-element_type=\"container\">\n\t\t\t\t\t<div class=\"e-con-inner\">\n\t\t\t\t<div class=\"elementor-element elementor-element-e5bbd42 elementor-widget elementor-widget-spacer\" data-id=\"e5bbd42\" data-element_type=\"widget\" data-widget_type=\"spacer.default\">\n\t\t\t\t<div class=\"elementor-widget-container\">\n\t\t\t\t\t\t\t<div class=\"elementor-spacer\">\n\t\t\t<div class=\"elementor-spacer-inner\"><\/div>\n\t\t<\/div>\n\t\t\t\t\t\t<\/div>\n\t\t\t\t<\/div>\n\t\t\t\t<div class=\"elementor-element elementor-element-81b49dc elementor-widget elementor-widget-heading\" data-id=\"81b49dc\" data-element_type=\"widget\" data-widget_type=\"heading.default\">\n\t\t\t\t<div class=\"elementor-widget-container\">\n\t\t\t\t\t<h2 class=\"elementor-heading-title elementor-size-default\">Revue litt\u00e9raire<\/h2>\t\t\t\t<\/div>\n\t\t\t\t<\/div>\n\t\t\t\t<div class=\"elementor-element elementor-element-754bd55 elementor-widget elementor-widget-text-editor\" data-id=\"754bd55\" data-element_type=\"widget\" data-widget_type=\"text-editor.default\">\n\t\t\t\t<div class=\"elementor-widget-container\">\n\t\t\t\t\t\t\t\t\t<div class=\"site-branding\"><p class=\"site-description\">Ici je vous parle de tous les livres qui auront \u00e9veill\u00e9s ma curiosit\u00e9<\/p><\/div>\t\t\t\t\t\t\t\t<\/div>\n\t\t\t\t<\/div>\n\t\t\t\t<div class=\"elementor-element elementor-element-94994a3 elementor-posts--align-center elementor-grid-3 elementor-grid-tablet-2 elementor-grid-mobile-1 elementor-posts--thumbnail-top elementor-posts--show-avatar elementor-card-shadow-yes elementor-posts__hover-gradient elementor-widget elementor-widget-posts\" data-id=\"94994a3\" data-element_type=\"widget\" data-settings=\"{&quot;cards_columns&quot;:&quot;3&quot;,&quot;cards_columns_tablet&quot;:&quot;2&quot;,&quot;cards_columns_mobile&quot;:&quot;1&quot;,&quot;cards_row_gap&quot;:{&quot;unit&quot;:&quot;px&quot;,&quot;size&quot;:35,&quot;sizes&quot;:[]},&quot;cards_row_gap_tablet&quot;:{&quot;unit&quot;:&quot;px&quot;,&quot;size&quot;:&quot;&quot;,&quot;sizes&quot;:[]},&quot;cards_row_gap_mobile&quot;:{&quot;unit&quot;:&quot;px&quot;,&quot;size&quot;:&quot;&quot;,&quot;sizes&quot;:[]}}\" data-widget_type=\"posts.cards\">\n\t\t\t\t<div class=\"elementor-widget-container\">\n\t\t\t\t\t\t\t<div class=\"elementor-posts-container elementor-posts elementor-posts--skin-cards elementor-grid\">\n\t\t\t\t<article class=\"elementor-post elementor-grid-item post-832 post type-post status-publish format-standard hentry category-revue-litteraire\">\n\t\t\t<div class=\"elementor-post__card\">\n\t\t\t\t<div class=\"elementor-post__text\">\n\t\t\t\t<h3 class=\"elementor-post__title\">\n\t\t\t<a href=\"https:\/\/laplumequiraconte.fr\/index.php\/2025\/05\/14\/a-la-ligne\/\" >\n\t\t\t\t\u00c0 la ligne &#8211; Feuillets d&rsquo;usine\t\t\t<\/a>\n\t\t<\/h3>\n\t\t\t\t<div class=\"elementor-post__excerpt\">\n\t\t\t<p>La prose, la prose, toujours la prose. En r\u00e9alit\u00e9, il y a tant de possibles pour raconter le quotidien, celui de l\u2019usine. Viens te plonger dans le vers, celui qui pulse comme la r\u00e9p\u00e9tition du travail \u00e0 la cha\u00eene, sans jamais te faire passer en mode automatique. C\u2019est beau !<\/p>\n\t\t<\/div>\n\t\t\n\t\t<a class=\"elementor-post__read-more\" href=\"https:\/\/laplumequiraconte.fr\/index.php\/2025\/05\/14\/a-la-ligne\/\" aria-label=\"En savoir plus sur \u00c0 la ligne &#8211; Feuillets d&rsquo;usine\" tabindex=\"-1\" >\n\t\t\tLire la suite \u00bb\t\t<\/a>\n\n\t\t\t\t<\/div>\n\t\t\t\t<div class=\"elementor-post__meta-data\">\n\t\t\t\t\t<span class=\"elementor-post-date\">\n\t\t\t14 mai 2025\t\t<\/span>\n\t\t\t\t<span class=\"elementor-post-avatar\">\n\t\t\tAucun commentaire\t\t<\/span>\n\t\t\t\t<\/div>\n\t\t\t\t\t<\/div>\n\t\t<\/article>\n\t\t\t\t<article class=\"elementor-post elementor-grid-item post-826 post type-post status-publish format-standard hentry category-revue-litteraire\">\n\t\t\t<div class=\"elementor-post__card\">\n\t\t\t\t<div class=\"elementor-post__text\">\n\t\t\t\t<h3 class=\"elementor-post__title\">\n\t\t\t<a href=\"https:\/\/laplumequiraconte.fr\/index.php\/2025\/05\/14\/le-dernier-des-siens\/\" >\n\t\t\t\tLe dernier des siens\t\t\t<\/a>\n\t\t<\/h3>\n\t\t\t\t<div class=\"elementor-post__excerpt\">\n\t\t\t<p>Votre premi\u00e8re mission scientifique sera aussi la seule, l\u2019unique, la derni\u00e8re de toutes. Pourquoi ? Parce que ce que vous allez lire est une chronique sur la finitude, le rapport \u00e0 l\u2019esp\u00e8ce. Pourquoi perdure-t-on ? Pourquoi dispara\u00eet-on ? Pourquoi finit-on dans l\u2019oubli dans la plus grande indiff\u00e9rence ?<\/p>\n\t\t<\/div>\n\t\t\n\t\t<a class=\"elementor-post__read-more\" href=\"https:\/\/laplumequiraconte.fr\/index.php\/2025\/05\/14\/le-dernier-des-siens\/\" aria-label=\"En savoir plus sur Le dernier des siens\" tabindex=\"-1\" >\n\t\t\tLire la suite \u00bb\t\t<\/a>\n\n\t\t\t\t<\/div>\n\t\t\t\t<div class=\"elementor-post__meta-data\">\n\t\t\t\t\t<span class=\"elementor-post-date\">\n\t\t\t14 mai 2025\t\t<\/span>\n\t\t\t\t<span class=\"elementor-post-avatar\">\n\t\t\tAucun commentaire\t\t<\/span>\n\t\t\t\t<\/div>\n\t\t\t\t\t<\/div>\n\t\t<\/article>\n\t\t\t\t<article class=\"elementor-post elementor-grid-item post-818 post type-post status-publish format-standard hentry category-revue-litteraire\">\n\t\t\t<div class=\"elementor-post__card\">\n\t\t\t\t<div class=\"elementor-post__text\">\n\t\t\t\t<h3 class=\"elementor-post__title\">\n\t\t\t<a href=\"https:\/\/laplumequiraconte.fr\/index.php\/2025\/05\/14\/betty\/\" >\n\t\t\t\tBetty\t\t\t<\/a>\n\t\t<\/h3>\n\t\t\t\t<div class=\"elementor-post__excerpt\">\n\t\t\t<p>Qu\u2019il est dur d\u2019\u00eatre dr\u00f4le dans l\u2019\u00e9criture ! Je vous livre ici mon premier flop de lecture chroniqu\u00e9e et tente de vous expliquer pourquoi je n\u2019ai pas ressenti autant de joie \u00e0 lire qu\u2019avec d\u2019autres histoires.<\/p>\n\t\t<\/div>\n\t\t\n\t\t<a class=\"elementor-post__read-more\" href=\"https:\/\/laplumequiraconte.fr\/index.php\/2025\/05\/14\/betty\/\" aria-label=\"En savoir plus sur Betty\" tabindex=\"-1\" >\n\t\t\tLire la suite \u00bb\t\t<\/a>\n\n\t\t\t\t<\/div>\n\t\t\t\t<div class=\"elementor-post__meta-data\">\n\t\t\t\t\t<span class=\"elementor-post-date\">\n\t\t\t14 mai 2025\t\t<\/span>\n\t\t\t\t<span class=\"elementor-post-avatar\">\n\t\t\tAucun commentaire\t\t<\/span>\n\t\t\t\t<\/div>\n\t\t\t\t\t<\/div>\n\t\t<\/article>\n\t\t\t\t<article class=\"elementor-post elementor-grid-item post-812 post type-post status-publish format-standard hentry category-revue-litteraire\">\n\t\t\t<div class=\"elementor-post__card\">\n\t\t\t\t<div class=\"elementor-post__text\">\n\t\t\t\t<h3 class=\"elementor-post__title\">\n\t\t\t<a href=\"https:\/\/laplumequiraconte.fr\/index.php\/2025\/05\/14\/on-etait-des-loups\/\" >\n\t\t\t\tOn \u00e9tait des loups\t\t\t<\/a>\n\t\t<\/h3>\n\t\t\t\t<div class=\"elementor-post__excerpt\">\n\t\t\t<p>Lorsque tu choisis de vivre \u00e9loign\u00e9 du monde dans la montagne, que tu renoues avec tes instincts de chasseur, qu\u2019une femme se joint \u00e0 cette vie, que tu deviens p\u00e8re, le deviens-tu vraiment ?<\/p>\n\t\t<\/div>\n\t\t\n\t\t<a class=\"elementor-post__read-more\" href=\"https:\/\/laplumequiraconte.fr\/index.php\/2025\/05\/14\/on-etait-des-loups\/\" aria-label=\"En savoir plus sur On \u00e9tait des loups\" tabindex=\"-1\" >\n\t\t\tLire la suite \u00bb\t\t<\/a>\n\n\t\t\t\t<\/div>\n\t\t\t\t<div class=\"elementor-post__meta-data\">\n\t\t\t\t\t<span class=\"elementor-post-date\">\n\t\t\t14 mai 2025\t\t<\/span>\n\t\t\t\t<span class=\"elementor-post-avatar\">\n\t\t\tAucun commentaire\t\t<\/span>\n\t\t\t\t<\/div>\n\t\t\t\t\t<\/div>\n\t\t<\/article>\n\t\t\t\t<article class=\"elementor-post elementor-grid-item post-807 post type-post status-publish format-standard hentry category-revue-litteraire\">\n\t\t\t<div class=\"elementor-post__card\">\n\t\t\t\t<div class=\"elementor-post__text\">\n\t\t\t\t<h3 class=\"elementor-post__title\">\n\t\t\t<a href=\"https:\/\/laplumequiraconte.fr\/index.php\/2025\/05\/14\/larbre-monde\/\" >\n\t\t\t\tL&rsquo;arbre monde\t\t\t<\/a>\n\t\t<\/h3>\n\t\t\t\t<div class=\"elementor-post__excerpt\">\n\t\t\t<p>Qu\u2019il est dur d\u2019\u00eatre dr\u00f4le dans l\u2019\u00e9criture ! Je vous livre ici mon premier flop de lecture chroniqu\u00e9e et tente de vous expliquer pourquoi je n\u2019ai pas ressenti autant de joie \u00e0 lire qu\u2019avec d\u2019autres histoires.<\/p>\n\t\t<\/div>\n\t\t\n\t\t<a class=\"elementor-post__read-more\" href=\"https:\/\/laplumequiraconte.fr\/index.php\/2025\/05\/14\/larbre-monde\/\" aria-label=\"En savoir plus sur L&rsquo;arbre monde\" tabindex=\"-1\" >\n\t\t\tLire la suite \u00bb\t\t<\/a>\n\n\t\t\t\t<\/div>\n\t\t\t\t<div class=\"elementor-post__meta-data\">\n\t\t\t\t\t<span class=\"elementor-post-date\">\n\t\t\t14 mai 2025\t\t<\/span>\n\t\t\t\t<span class=\"elementor-post-avatar\">\n\t\t\tAucun commentaire\t\t<\/span>\n\t\t\t\t<\/div>\n\t\t\t\t\t<\/div>\n\t\t<\/article>\n\t\t\t\t<article class=\"elementor-post elementor-grid-item post-180 post type-post status-publish format-standard hentry category-revue-litteraire\">\n\t\t\t<div class=\"elementor-post__card\">\n\t\t\t\t<div class=\"elementor-post__text\">\n\t\t\t\t<h3 class=\"elementor-post__title\">\n\t\t\t<a href=\"https:\/\/laplumequiraconte.fr\/index.php\/2025\/04\/16\/samourai\/\" >\n\t\t\t\tSamoura\u00ef\t\t\t<\/a>\n\t\t<\/h3>\n\t\t\t\t<div class=\"elementor-post__excerpt\">\n\t\t\t<p>Qu\u2019il est dur d\u2019\u00eatre dr\u00f4le dans l\u2019\u00e9criture ! Je vous livre ici mon premier flop de lecture chroniqu\u00e9e et tente de vous expliquer pourquoi je n\u2019ai pas ressenti autant de joie \u00e0 lire qu\u2019avec d\u2019autres histoires.<\/p>\n\t\t<\/div>\n\t\t\n\t\t<a class=\"elementor-post__read-more\" href=\"https:\/\/laplumequiraconte.fr\/index.php\/2025\/04\/16\/samourai\/\" aria-label=\"En savoir plus sur Samoura\u00ef\" tabindex=\"-1\" >\n\t\t\tLire la suite \u00bb\t\t<\/a>\n\n\t\t\t\t<\/div>\n\t\t\t\t<div class=\"elementor-post__meta-data\">\n\t\t\t\t\t<span class=\"elementor-post-date\">\n\t\t\t16 avril 2025\t\t<\/span>\n\t\t\t\t<span class=\"elementor-post-avatar\">\n\t\t\tAucun commentaire\t\t<\/span>\n\t\t\t\t<\/div>\n\t\t\t\t\t<\/div>\n\t\t<\/article>\n\t\t\t\t<article class=\"elementor-post elementor-grid-item post-163 post type-post status-publish format-standard hentry category-revue-litteraire\">\n\t\t\t<div class=\"elementor-post__card\">\n\t\t\t\t<div class=\"elementor-post__text\">\n\t\t\t\t<h3 class=\"elementor-post__title\">\n\t\t\t<a href=\"https:\/\/laplumequiraconte.fr\/index.php\/2025\/04\/16\/la-vallee-des-rubis\/\" >\n\t\t\t\tLa vall\u00e9e des\u00a0rubis\t\t\t<\/a>\n\t\t<\/h3>\n\t\t\t\t<div class=\"elementor-post__excerpt\">\n\t\t\t<p>Avant que le lointain soit rendu visible par les progr\u00e8s techniques et technologiques, il y avait des plumes comme Joseph Kessel pour nous partager et nous livrer les tr\u00e9sors du monde. Rendez-vous en terre orientale \u00e0 la fin de cette chronique.<\/p>\n\t\t<\/div>\n\t\t\n\t\t<a class=\"elementor-post__read-more\" href=\"https:\/\/laplumequiraconte.fr\/index.php\/2025\/04\/16\/la-vallee-des-rubis\/\" aria-label=\"En savoir plus sur La vall\u00e9e des\u00a0rubis\" tabindex=\"-1\" >\n\t\t\tLire la suite \u00bb\t\t<\/a>\n\n\t\t\t\t<\/div>\n\t\t\t\t<div class=\"elementor-post__meta-data\">\n\t\t\t\t\t<span class=\"elementor-post-date\">\n\t\t\t16 avril 2025\t\t<\/span>\n\t\t\t\t<span class=\"elementor-post-avatar\">\n\t\t\tAucun commentaire\t\t<\/span>\n\t\t\t\t<\/div>\n\t\t\t\t\t<\/div>\n\t\t<\/article>\n\t\t\t\t<article class=\"elementor-post elementor-grid-item post-156 post type-post status-publish format-standard hentry category-revue-litteraire\">\n\t\t\t<div class=\"elementor-post__card\">\n\t\t\t\t<div class=\"elementor-post__text\">\n\t\t\t\t<h3 class=\"elementor-post__title\">\n\t\t\t<a href=\"https:\/\/laplumequiraconte.fr\/index.php\/2025\/04\/16\/hoka-hey\/\" >\n\t\t\t\tHoka Hey !\t\t\t<\/a>\n\t\t<\/h3>\n\t\t\t\t<div class=\"elementor-post__excerpt\">\n\t\t\t<p>Quand on est assoiff\u00e9 par un d\u00e9sir de vengeance sur fond de guerre civile, il ne semble pas imm\u00e9diatement possible de transmettre des valeurs et une tradition culturelle \u00e0 un enfant. Et pourtant \u2026<\/p>\n\t\t<\/div>\n\t\t\n\t\t<a class=\"elementor-post__read-more\" href=\"https:\/\/laplumequiraconte.fr\/index.php\/2025\/04\/16\/hoka-hey\/\" aria-label=\"En savoir plus sur Hoka Hey !\" tabindex=\"-1\" >\n\t\t\tLire la suite \u00bb\t\t<\/a>\n\n\t\t\t\t<\/div>\n\t\t\t\t<div class=\"elementor-post__meta-data\">\n\t\t\t\t\t<span class=\"elementor-post-date\">\n\t\t\t16 avril 2025\t\t<\/span>\n\t\t\t\t<span class=\"elementor-post-avatar\">\n\t\t\tAucun commentaire\t\t<\/span>\n\t\t\t\t<\/div>\n\t\t\t\t\t<\/div>\n\t\t<\/article>\n\t\t\t\t<article class=\"elementor-post elementor-grid-item post-144 post type-post status-publish format-standard hentry category-revue-litteraire\">\n\t\t\t<div class=\"elementor-post__card\">\n\t\t\t\t<div class=\"elementor-post__text\">\n\t\t\t\t<h3 class=\"elementor-post__title\">\n\t\t\t<a href=\"https:\/\/laplumequiraconte.fr\/index.php\/2025\/04\/16\/les-deferlantes\/\" >\n\t\t\t\tLes d\u00e9ferlantes\t\t\t<\/a>\n\t\t<\/h3>\n\t\t\t\t<div class=\"elementor-post__excerpt\">\n\t\t\t<p>Observer tout, partout, tout le temps. Gr\u00e2ce \u00e0 cette posture, la narratrice nous plonge dans un drame de village en Normandie et d\u00e9m\u00eale avec simplicit\u00e9, respect et humanit\u00e9 des histoires d\u2019hommes et de femmes qui n\u2019ont pas su communiquer le moment venu.<\/p>\n\t\t<\/div>\n\t\t\n\t\t<a class=\"elementor-post__read-more\" href=\"https:\/\/laplumequiraconte.fr\/index.php\/2025\/04\/16\/les-deferlantes\/\" aria-label=\"En savoir plus sur Les d\u00e9ferlantes\" tabindex=\"-1\" >\n\t\t\tLire la suite \u00bb\t\t<\/a>\n\n\t\t\t\t<\/div>\n\t\t\t\t<div class=\"elementor-post__meta-data\">\n\t\t\t\t\t<span class=\"elementor-post-date\">\n\t\t\t16 avril 2025\t\t<\/span>\n\t\t\t\t<span class=\"elementor-post-avatar\">\n\t\t\tAucun commentaire\t\t<\/span>\n\t\t\t\t<\/div>\n\t\t\t\t\t<\/div>\n\t\t<\/article>\n\t\t\t\t<\/div>\n\t\t\n\t\t\t\t\t\t<\/div>\n\t\t\t\t<\/div>\n\t\t\t\t<div class=\"elementor-element elementor-element-82683c6 elementor-widget elementor-widget-spacer\" data-id=\"82683c6\" data-element_type=\"widget\" data-widget_type=\"spacer.default\">\n\t\t\t\t<div class=\"elementor-widget-container\">\n\t\t\t\t\t\t\t<div class=\"elementor-spacer\">\n\t\t\t<div class=\"elementor-spacer-inner\"><\/div>\n\t\t<\/div>\n\t\t\t\t\t\t<\/div>\n\t\t\t\t<\/div>\n\t\t\t\t\t<\/div>\n\t\t\t\t<\/div>\n\t\t\t\t<\/div>\n\t\t","protected":false},"excerpt":{"rendered":"<p>La plume qui raconte Bienvenue dans un coin d\u2019\u00e9criture sans \u00e9tiquettes, o\u00f9 je partage\u00a0ce qui me touche, m\u2019amuse ou me fait r\u00e9fl\u00e9chir, au fil des jours et des envies. Revue litt\u00e9raire Ici je vous parle de tous les livres qui auront \u00e9veill\u00e9s ma curiosit\u00e9<\/p>\n","protected":false},"author":1,"featured_media":0,"parent":0,"menu_order":0,"comment_status":"closed","ping_status":"closed","template":"","meta":{"footnotes":""},"class_list":["post-296","page","type-page","status-publish","hentry"],"yoast_head":"<!-- This site is optimized with the Yoast SEO plugin v25.5 - https:\/\/yoast.com\/wordpress\/plugins\/seo\/ -->\n<title>Revue litt\u00e9raire - La plume qui raconte<\/title>\n<meta name=\"description\" content=\"Bienvenue dans ma revue litt\u00e9raire, o\u00f9 je partage ce qui me touche, m\u2019amuse ou me fait r\u00e9fl\u00e9chir, au fil des jours et des envies.\" \/>\n<meta name=\"robots\" content=\"index, follow, max-snippet:-1, max-image-preview:large, max-video-preview:-1\" \/>\n<link rel=\"canonical\" href=\"https:\/\/laplumequiraconte.fr\/index.php\/revue-litteraire\/\" \/>\n<meta property=\"og:locale\" content=\"fr_FR\" \/>\n<meta property=\"og:type\" content=\"article\" \/>\n<meta property=\"og:title\" content=\"Revue litt\u00e9raire - La plume qui raconte\" \/>\n<meta property=\"og:description\" content=\"Bienvenue dans ma revue litt\u00e9raire, o\u00f9 je partage ce qui me touche, m\u2019amuse ou me fait r\u00e9fl\u00e9chir, au fil des jours et des envies.\" \/>\n<meta property=\"og:url\" content=\"https:\/\/laplumequiraconte.fr\/index.php\/revue-litteraire\/\" \/>\n<meta property=\"og:site_name\" content=\"La plume qui raconte\" \/>\n<meta property=\"article:modified_time\" content=\"2025-06-18T13:43:15+00:00\" \/>\n<meta name=\"twitter:card\" content=\"summary_large_image\" \/>\n<meta name=\"twitter:label1\" content=\"Dur\u00e9e de lecture estim\u00e9e\" \/>\n\t<meta name=\"twitter:data1\" content=\"3 minutes\" \/>\n<script type=\"application\/ld+json\" class=\"yoast-schema-graph\">{\"@context\":\"https:\/\/schema.org\",\"@graph\":[{\"@type\":\"WebPage\",\"@id\":\"https:\/\/laplumequiraconte.fr\/index.php\/revue-litteraire\/\",\"url\":\"https:\/\/laplumequiraconte.fr\/index.php\/revue-litteraire\/\",\"name\":\"Revue litt\u00e9raire - La plume qui raconte\",\"isPartOf\":{\"@id\":\"https:\/\/laplumequiraconte.fr\/#website\"},\"datePublished\":\"2025-04-17T12:20:31+00:00\",\"dateModified\":\"2025-06-18T13:43:15+00:00\",\"description\":\"Bienvenue dans ma revue litt\u00e9raire, o\u00f9 je partage ce qui me touche, m\u2019amuse ou me fait r\u00e9fl\u00e9chir, au fil des jours et des envies.\",\"breadcrumb\":{\"@id\":\"https:\/\/laplumequiraconte.fr\/index.php\/revue-litteraire\/#breadcrumb\"},\"inLanguage\":\"fr-FR\",\"potentialAction\":[{\"@type\":\"ReadAction\",\"target\":[\"https:\/\/laplumequiraconte.fr\/index.php\/revue-litteraire\/\"]}]},{\"@type\":\"BreadcrumbList\",\"@id\":\"https:\/\/laplumequiraconte.fr\/index.php\/revue-litteraire\/#breadcrumb\",\"itemListElement\":[{\"@type\":\"ListItem\",\"position\":1,\"name\":\"Accueil\",\"item\":\"https:\/\/laplumequiraconte.fr\/\"},{\"@type\":\"ListItem\",\"position\":2,\"name\":\"Revue litt\u00e9raire\"}]},{\"@type\":\"WebSite\",\"@id\":\"https:\/\/laplumequiraconte.fr\/#website\",\"url\":\"https:\/\/laplumequiraconte.fr\/\",\"name\":\"La plume qui raconte\",\"description\":\"Un blog guid\u00e9 par la curiosit\u00e9, au fil de mes d\u00e9couvertes\",\"publisher\":{\"@id\":\"https:\/\/laplumequiraconte.fr\/#organization\"},\"potentialAction\":[{\"@type\":\"SearchAction\",\"target\":{\"@type\":\"EntryPoint\",\"urlTemplate\":\"https:\/\/laplumequiraconte.fr\/?s={search_term_string}\"},\"query-input\":{\"@type\":\"PropertyValueSpecification\",\"valueRequired\":true,\"valueName\":\"search_term_string\"}}],\"inLanguage\":\"fr-FR\"},{\"@type\":\"Organization\",\"@id\":\"https:\/\/laplumequiraconte.fr\/#organization\",\"name\":\"La plume qui raconte\",\"url\":\"https:\/\/laplumequiraconte.fr\/\",\"logo\":{\"@type\":\"ImageObject\",\"inLanguage\":\"fr-FR\",\"@id\":\"https:\/\/laplumequiraconte.fr\/#\/schema\/logo\/image\/\",\"url\":\"https:\/\/laplumequiraconte.fr\/wp-content\/uploads\/2025\/04\/cropped-logo-@3x.png\",\"contentUrl\":\"https:\/\/laplumequiraconte.fr\/wp-content\/uploads\/2025\/04\/cropped-logo-@3x.png\",\"width\":333,\"height\":332,\"caption\":\"La plume qui raconte\"},\"image\":{\"@id\":\"https:\/\/laplumequiraconte.fr\/#\/schema\/logo\/image\/\"}}]}<\/script>\n<!-- \/ Yoast SEO plugin. -->","yoast_head_json":{"title":"Revue litt\u00e9raire - La plume qui raconte","description":"Bienvenue dans ma revue litt\u00e9raire, o\u00f9 je partage ce qui me touche, m\u2019amuse ou me fait r\u00e9fl\u00e9chir, au fil des jours et des envies.","robots":{"index":"index","follow":"follow","max-snippet":"max-snippet:-1","max-image-preview":"max-image-preview:large","max-video-preview":"max-video-preview:-1"},"canonical":"https:\/\/laplumequiraconte.fr\/index.php\/revue-litteraire\/","og_locale":"fr_FR","og_type":"article","og_title":"Revue litt\u00e9raire - La plume qui raconte","og_description":"Bienvenue dans ma revue litt\u00e9raire, o\u00f9 je partage ce qui me touche, m\u2019amuse ou me fait r\u00e9fl\u00e9chir, au fil des jours et des envies.","og_url":"https:\/\/laplumequiraconte.fr\/index.php\/revue-litteraire\/","og_site_name":"La plume qui raconte","article_modified_time":"2025-06-18T13:43:15+00:00","twitter_card":"summary_large_image","twitter_misc":{"Dur\u00e9e de lecture estim\u00e9e":"3 minutes"},"schema":{"@context":"https:\/\/schema.org","@graph":[{"@type":"WebPage","@id":"https:\/\/laplumequiraconte.fr\/index.php\/revue-litteraire\/","url":"https:\/\/laplumequiraconte.fr\/index.php\/revue-litteraire\/","name":"Revue litt\u00e9raire - La plume qui raconte","isPartOf":{"@id":"https:\/\/laplumequiraconte.fr\/#website"},"datePublished":"2025-04-17T12:20:31+00:00","dateModified":"2025-06-18T13:43:15+00:00","description":"Bienvenue dans ma revue litt\u00e9raire, o\u00f9 je partage ce qui me touche, m\u2019amuse ou me fait r\u00e9fl\u00e9chir, au fil des jours et des envies.","breadcrumb":{"@id":"https:\/\/laplumequiraconte.fr\/index.php\/revue-litteraire\/#breadcrumb"},"inLanguage":"fr-FR","potentialAction":[{"@type":"ReadAction","target":["https:\/\/laplumequiraconte.fr\/index.php\/revue-litteraire\/"]}]},{"@type":"BreadcrumbList","@id":"https:\/\/laplumequiraconte.fr\/index.php\/revue-litteraire\/#breadcrumb","itemListElement":[{"@type":"ListItem","position":1,"name":"Accueil","item":"https:\/\/laplumequiraconte.fr\/"},{"@type":"ListItem","position":2,"name":"Revue litt\u00e9raire"}]},{"@type":"WebSite","@id":"https:\/\/laplumequiraconte.fr\/#website","url":"https:\/\/laplumequiraconte.fr\/","name":"La plume qui raconte","description":"Un blog guid\u00e9 par la curiosit\u00e9, au fil de mes d\u00e9couvertes","publisher":{"@id":"https:\/\/laplumequiraconte.fr\/#organization"},"potentialAction":[{"@type":"SearchAction","target":{"@type":"EntryPoint","urlTemplate":"https:\/\/laplumequiraconte.fr\/?s={search_term_string}"},"query-input":{"@type":"PropertyValueSpecification","valueRequired":true,"valueName":"search_term_string"}}],"inLanguage":"fr-FR"},{"@type":"Organization","@id":"https:\/\/laplumequiraconte.fr\/#organization","name":"La plume qui raconte","url":"https:\/\/laplumequiraconte.fr\/","logo":{"@type":"ImageObject","inLanguage":"fr-FR","@id":"https:\/\/laplumequiraconte.fr\/#\/schema\/logo\/image\/","url":"https:\/\/laplumequiraconte.fr\/wp-content\/uploads\/2025\/04\/cropped-logo-@3x.png","contentUrl":"https:\/\/laplumequiraconte.fr\/wp-content\/uploads\/2025\/04\/cropped-logo-@3x.png","width":333,"height":332,"caption":"La plume qui raconte"},"image":{"@id":"https:\/\/laplumequiraconte.fr\/#\/schema\/logo\/image\/"}}]}},"_links":{"self":[{"href":"https:\/\/laplumequiraconte.fr\/index.php\/wp-json\/wp\/v2\/pages\/296","targetHints":{"allow":["GET"]}}],"collection":[{"href":"https:\/\/laplumequiraconte.fr\/index.php\/wp-json\/wp\/v2\/pages"}],"about":[{"href":"https:\/\/laplumequiraconte.fr\/index.php\/wp-json\/wp\/v2\/types\/page"}],"author":[{"embeddable":true,"href":"https:\/\/laplumequiraconte.fr\/index.php\/wp-json\/wp\/v2\/users\/1"}],"replies":[{"embeddable":true,"href":"https:\/\/laplumequiraconte.fr\/index.php\/wp-json\/wp\/v2\/comments?post=296"}],"version-history":[{"count":34,"href":"https:\/\/laplumequiraconte.fr\/index.php\/wp-json\/wp\/v2\/pages\/296\/revisions"}],"predecessor-version":[{"id":1180,"href":"https:\/\/laplumequiraconte.fr\/index.php\/wp-json\/wp\/v2\/pages\/296\/revisions\/1180"}],"wp:attachment":[{"href":"https:\/\/laplumequiraconte.fr\/index.php\/wp-json\/wp\/v2\/media?parent=296"}],"curies":[{"name":"wp","href":"https:\/\/api.w.org\/{rel}","templated":true}]}}