{"id":321,"date":"2025-04-17T14:36:02","date_gmt":"2025-04-17T12:36:02","guid":{"rendered":"http:\/\/kktcvhd.cluster100.hosting.ovh.net\/?page_id=321"},"modified":"2025-06-18T15:41:45","modified_gmt":"2025-06-18T13:41:45","slug":"boite-comptines","status":"publish","type":"page","link":"https:\/\/laplumequiraconte.fr\/index.php\/boite-comptines\/","title":{"rendered":"Bo\u00eete \u00e0 comptines"},"content":{"rendered":"\t\t<div data-elementor-type=\"wp-page\" data-elementor-id=\"321\" class=\"elementor elementor-321\" data-elementor-post-type=\"page\">\n\t\t\t\t<div class=\"elementor-element elementor-element-6bf8e52 e-con-full e-flex e-con e-parent\" data-id=\"6bf8e52\" data-element_type=\"container\" data-settings=\"{&quot;background_background&quot;:&quot;classic&quot;}\">\n\t\t<div class=\"elementor-element elementor-element-137b7f7f e-con-full e-flex e-con e-child\" data-id=\"137b7f7f\" data-element_type=\"container\" data-settings=\"{&quot;background_background&quot;:&quot;classic&quot;}\">\n\t\t\t\t<div class=\"elementor-element elementor-element-9aa4661 elementor-widget elementor-widget-heading\" data-id=\"9aa4661\" data-element_type=\"widget\" data-widget_type=\"heading.default\">\n\t\t\t\t<div class=\"elementor-widget-container\">\n\t\t\t\t\t<h2 class=\"elementor-heading-title elementor-size-default\">La plume qui raconte<\/h2>\t\t\t\t<\/div>\n\t\t\t\t<\/div>\n\t\t\t\t<div class=\"elementor-element elementor-element-20e84e57 elementor-widget elementor-widget-spacer\" data-id=\"20e84e57\" data-element_type=\"widget\" data-widget_type=\"spacer.default\">\n\t\t\t\t<div class=\"elementor-widget-container\">\n\t\t\t\t\t\t\t<div class=\"elementor-spacer\">\n\t\t\t<div class=\"elementor-spacer-inner\"><\/div>\n\t\t<\/div>\n\t\t\t\t\t\t<\/div>\n\t\t\t\t<\/div>\n\t\t\t\t<div class=\"elementor-element elementor-element-1ad2a6b0 elementor-widget__width-inherit elementor-widget elementor-widget-text-editor\" data-id=\"1ad2a6b0\" data-element_type=\"widget\" data-widget_type=\"text-editor.default\">\n\t\t\t\t<div class=\"elementor-widget-container\">\n\t\t\t\t\t\t\t\t\t<p>Bienvenue dans un coin d\u2019\u00e9criture sans \u00e9tiquettes, o\u00f9 je partage\u00a0<br \/>ce qui me touche, m\u2019amuse ou me fait r\u00e9fl\u00e9chir, au fil des jours et des envies.<\/p>\t\t\t\t\t\t\t\t<\/div>\n\t\t\t\t<\/div>\n\t\t\t\t<div class=\"elementor-element elementor-element-5570a7c2 elementor-widget elementor-widget-spacer\" data-id=\"5570a7c2\" data-element_type=\"widget\" data-widget_type=\"spacer.default\">\n\t\t\t\t<div class=\"elementor-widget-container\">\n\t\t\t\t\t\t\t<div class=\"elementor-spacer\">\n\t\t\t<div class=\"elementor-spacer-inner\"><\/div>\n\t\t<\/div>\n\t\t\t\t\t\t<\/div>\n\t\t\t\t<\/div>\n\t\t\t\t<\/div>\n\t\t\t\t<\/div>\n\t\t<div class=\"elementor-element elementor-element-164a93e e-flex e-con-boxed e-con e-parent\" data-id=\"164a93e\" data-element_type=\"container\">\n\t\t\t\t\t<div class=\"e-con-inner\">\n\t\t\t\t<div class=\"elementor-element elementor-element-d22d6a1 elementor-widget elementor-widget-spacer\" data-id=\"d22d6a1\" data-element_type=\"widget\" data-widget_type=\"spacer.default\">\n\t\t\t\t<div class=\"elementor-widget-container\">\n\t\t\t\t\t\t\t<div class=\"elementor-spacer\">\n\t\t\t<div class=\"elementor-spacer-inner\"><\/div>\n\t\t<\/div>\n\t\t\t\t\t\t<\/div>\n\t\t\t\t<\/div>\n\t\t\t\t<div class=\"elementor-element elementor-element-81b49dc elementor-widget elementor-widget-heading\" data-id=\"81b49dc\" data-element_type=\"widget\" data-widget_type=\"heading.default\">\n\t\t\t\t<div class=\"elementor-widget-container\">\n\t\t\t\t\t<h2 class=\"elementor-heading-title elementor-size-default\">Bo\u00eete \u00e0 comptines<\/h2>\t\t\t\t<\/div>\n\t\t\t\t<\/div>\n\t\t\t\t<div class=\"elementor-element elementor-element-754bd55 elementor-widget elementor-widget-text-editor\" data-id=\"754bd55\" data-element_type=\"widget\" data-widget_type=\"text-editor.default\">\n\t\t\t\t<div class=\"elementor-widget-container\">\n\t\t\t\t\t\t\t\t\t<div class=\"site-branding\"><p class=\"site-description\">Ici je vous parle de l&rsquo;h\u00e9ritage des comptines qui auront \u00e9veill\u00e9es ma curiosit\u00e9<\/p><\/div>\t\t\t\t\t\t\t\t<\/div>\n\t\t\t\t<\/div>\n\t\t\t\t<div class=\"elementor-element elementor-element-94994a3 elementor-posts--align-center elementor-grid-3 elementor-grid-tablet-2 elementor-grid-mobile-1 elementor-posts--thumbnail-top elementor-posts--show-avatar elementor-card-shadow-yes elementor-posts__hover-gradient elementor-widget elementor-widget-posts\" data-id=\"94994a3\" data-element_type=\"widget\" data-settings=\"{&quot;cards_columns&quot;:&quot;3&quot;,&quot;cards_columns_tablet&quot;:&quot;2&quot;,&quot;cards_columns_mobile&quot;:&quot;1&quot;,&quot;cards_row_gap&quot;:{&quot;unit&quot;:&quot;px&quot;,&quot;size&quot;:35,&quot;sizes&quot;:[]},&quot;cards_row_gap_tablet&quot;:{&quot;unit&quot;:&quot;px&quot;,&quot;size&quot;:&quot;&quot;,&quot;sizes&quot;:[]},&quot;cards_row_gap_mobile&quot;:{&quot;unit&quot;:&quot;px&quot;,&quot;size&quot;:&quot;&quot;,&quot;sizes&quot;:[]}}\" data-widget_type=\"posts.cards\">\n\t\t\t\t<div class=\"elementor-widget-container\">\n\t\t\t\t\t\t\t<div class=\"elementor-posts-container elementor-posts elementor-posts--skin-cards elementor-grid\">\n\t\t\t\t<article class=\"elementor-post elementor-grid-item post-837 post type-post status-publish format-standard hentry category-boite-a-comptines\">\n\t\t\t<div class=\"elementor-post__card\">\n\t\t\t\t<div class=\"elementor-post__text\">\n\t\t\t\t<h3 class=\"elementor-post__title\">\n\t\t\t<a href=\"https:\/\/laplumequiraconte.fr\/index.php\/2025\/05\/14\/petit-garcon\/\" >\n\t\t\t\tPetit gar\u00e7on\t\t\t<\/a>\n\t\t<\/h3>\n\t\t\t\t<div class=\"elementor-post__excerpt\">\n\t\t\t<p>Qui ne conna\u00eet pas cette si douce berceuse de No\u00ebl ? Alors que 2023 commence, j\u2019ai eu envie d\u2019explorer ses origines et je ne fus pas d\u00e9\u00e7ue du voyage, c\u2019est le cas de le dire.<\/p>\n\t\t<\/div>\n\t\t\n\t\t<a class=\"elementor-post__read-more\" href=\"https:\/\/laplumequiraconte.fr\/index.php\/2025\/05\/14\/petit-garcon\/\" aria-label=\"En savoir plus sur Petit gar\u00e7on\" tabindex=\"-1\" >\n\t\t\tLire la suite \u00bb\t\t<\/a>\n\n\t\t\t\t<\/div>\n\t\t\t\t<div class=\"elementor-post__meta-data\">\n\t\t\t\t\t<span class=\"elementor-post-date\">\n\t\t\t14 mai 2025\t\t<\/span>\n\t\t\t\t<span class=\"elementor-post-avatar\">\n\t\t\tAucun commentaire\t\t<\/span>\n\t\t\t\t<\/div>\n\t\t\t\t\t<\/div>\n\t\t<\/article>\n\t\t\t\t<article class=\"elementor-post elementor-grid-item post-215 post type-post status-publish format-standard hentry category-boite-a-comptines\">\n\t\t\t<div class=\"elementor-post__card\">\n\t\t\t\t<div class=\"elementor-post__text\">\n\t\t\t\t<h3 class=\"elementor-post__title\">\n\t\t\t<a href=\"https:\/\/laplumequiraconte.fr\/index.php\/2025\/04\/16\/frere-jacques\/\" >\n\t\t\t\tFr\u00e8re Jacques\t\t\t<\/a>\n\t\t<\/h3>\n\t\t\t\t<div class=\"elementor-post__excerpt\">\n\t\t\t<p>Entends-tu les voix qui se m\u00e9langent lorsque tu chantonnes Fr\u00e8re Jacques ? Pas encore, alors viens d\u00e9couvrir ce canon fran\u00e7ais dont la paternalit\u00e9 fut r\u00e9v\u00e9l\u00e9e au XVIII\u00e8me si\u00e8cle.<\/p>\n\t\t<\/div>\n\t\t\n\t\t<a class=\"elementor-post__read-more\" href=\"https:\/\/laplumequiraconte.fr\/index.php\/2025\/04\/16\/frere-jacques\/\" aria-label=\"En savoir plus sur Fr\u00e8re Jacques\" tabindex=\"-1\" >\n\t\t\tLire la suite \u00bb\t\t<\/a>\n\n\t\t\t\t<\/div>\n\t\t\t\t<div class=\"elementor-post__meta-data\">\n\t\t\t\t\t<span class=\"elementor-post-date\">\n\t\t\t16 avril 2025\t\t<\/span>\n\t\t\t\t<span class=\"elementor-post-avatar\">\n\t\t\tAucun commentaire\t\t<\/span>\n\t\t\t\t<\/div>\n\t\t\t\t\t<\/div>\n\t\t<\/article>\n\t\t\t\t<article class=\"elementor-post elementor-grid-item post-198 post type-post status-publish format-standard hentry category-boite-a-comptines\">\n\t\t\t<div class=\"elementor-post__card\">\n\t\t\t\t<div class=\"elementor-post__text\">\n\t\t\t\t<h3 class=\"elementor-post__title\">\n\t\t\t<a href=\"https:\/\/laplumequiraconte.fr\/index.php\/2025\/04\/16\/au-clair-de-la-lune\/\" >\n\t\t\t\tAu clair de la lune\t\t\t<\/a>\n\t\t<\/h3>\n\t\t\t\t<div class=\"elementor-post__excerpt\">\n\t\t\t<p>Une berceuse serait l\u2019objet du plus ancien enregistrement de voix au monde ? J\u2019ai moi aussi \u00e9t\u00e9 tr\u00e8s agr\u00e9ablement surprise par cette d\u00e9couverte que je vous livre \u00e0 la fin de cette chronique.<\/p>\n\t\t<\/div>\n\t\t\n\t\t<a class=\"elementor-post__read-more\" href=\"https:\/\/laplumequiraconte.fr\/index.php\/2025\/04\/16\/au-clair-de-la-lune\/\" aria-label=\"En savoir plus sur Au clair de la lune\" tabindex=\"-1\" >\n\t\t\tLire la suite \u00bb\t\t<\/a>\n\n\t\t\t\t<\/div>\n\t\t\t\t<div class=\"elementor-post__meta-data\">\n\t\t\t\t\t<span class=\"elementor-post-date\">\n\t\t\t16 avril 2025\t\t<\/span>\n\t\t\t\t<span class=\"elementor-post-avatar\">\n\t\t\tAucun commentaire\t\t<\/span>\n\t\t\t\t<\/div>\n\t\t\t\t\t<\/div>\n\t\t<\/article>\n\t\t\t\t<article class=\"elementor-post elementor-grid-item post-187 post type-post status-publish format-standard hentry category-boite-a-comptines\">\n\t\t\t<div class=\"elementor-post__card\">\n\t\t\t\t<div class=\"elementor-post__text\">\n\t\t\t\t<h3 class=\"elementor-post__title\">\n\t\t\t<a href=\"https:\/\/laplumequiraconte.fr\/index.php\/2025\/04\/16\/promenons-nous-dans-les-bois\/\" >\n\t\t\t\tPromenons-nous dans les bois\t\t\t<\/a>\n\t\t<\/h3>\n\t\t\t\t<div class=\"elementor-post__excerpt\">\n\t\t\t<p>Du refrain au jeu, du Moyen-\u00c2ge \u00e0 la fin du XIX\u00e8me si\u00e8cle, Promenons-nous dans les bois est l\u2019exemple type de la complexit\u00e9 des recherches historiques en mati\u00e8re de patrimoine oral. Bonne lecture.<\/p>\n\t\t<\/div>\n\t\t\n\t\t<a class=\"elementor-post__read-more\" href=\"https:\/\/laplumequiraconte.fr\/index.php\/2025\/04\/16\/promenons-nous-dans-les-bois\/\" aria-label=\"En savoir plus sur Promenons-nous dans les bois\" tabindex=\"-1\" >\n\t\t\tLire la suite \u00bb\t\t<\/a>\n\n\t\t\t\t<\/div>\n\t\t\t\t<div class=\"elementor-post__meta-data\">\n\t\t\t\t\t<span class=\"elementor-post-date\">\n\t\t\t16 avril 2025\t\t<\/span>\n\t\t\t\t<span class=\"elementor-post-avatar\">\n\t\t\tAucun commentaire\t\t<\/span>\n\t\t\t\t<\/div>\n\t\t\t\t\t<\/div>\n\t\t<\/article>\n\t\t\t\t<\/div>\n\t\t\n\t\t\t\t\t\t<\/div>\n\t\t\t\t<\/div>\n\t\t\t\t<div class=\"elementor-element elementor-element-02234c1 elementor-widget elementor-widget-spacer\" data-id=\"02234c1\" data-element_type=\"widget\" data-widget_type=\"spacer.default\">\n\t\t\t\t<div class=\"elementor-widget-container\">\n\t\t\t\t\t\t\t<div class=\"elementor-spacer\">\n\t\t\t<div class=\"elementor-spacer-inner\"><\/div>\n\t\t<\/div>\n\t\t\t\t\t\t<\/div>\n\t\t\t\t<\/div>\n\t\t\t\t\t<\/div>\n\t\t\t\t<\/div>\n\t\t\t\t<\/div>\n\t\t","protected":false},"excerpt":{"rendered":"<p>La plume qui raconte Bienvenue dans un coin d\u2019\u00e9criture sans \u00e9tiquettes, o\u00f9 je partage\u00a0ce qui me touche, m\u2019amuse ou me fait r\u00e9fl\u00e9chir, au fil des jours et des envies. Bo\u00eete \u00e0 comptines Ici je vous parle de l&rsquo;h\u00e9ritage des comptines qui auront \u00e9veill\u00e9es ma curiosit\u00e9<\/p>\n","protected":false},"author":1,"featured_media":0,"parent":0,"menu_order":0,"comment_status":"closed","ping_status":"closed","template":"","meta":{"footnotes":""},"class_list":["post-321","page","type-page","status-publish","hentry"],"yoast_head":"<!-- This site is optimized with the Yoast SEO plugin v25.5 - https:\/\/yoast.com\/wordpress\/plugins\/seo\/ -->\n<title>Bo\u00eete \u00e0 comptines - La plume qui raconte<\/title>\n<meta name=\"description\" content=\"Bienvenue dans ma bo\u00eete \u00e0 comptines, o\u00f9 je partage ce qui me touche, m\u2019amuse ou me fait r\u00e9fl\u00e9chir, au fil des jours et des envies.\" \/>\n<meta name=\"robots\" content=\"index, follow, max-snippet:-1, max-image-preview:large, max-video-preview:-1\" \/>\n<link rel=\"canonical\" href=\"https:\/\/laplumequiraconte.fr\/index.php\/boite-comptines\/\" \/>\n<meta property=\"og:locale\" content=\"fr_FR\" \/>\n<meta property=\"og:type\" content=\"article\" \/>\n<meta property=\"og:title\" content=\"Bo\u00eete \u00e0 comptines - La plume qui raconte\" \/>\n<meta property=\"og:description\" content=\"Bienvenue dans ma bo\u00eete \u00e0 comptines, o\u00f9 je partage ce qui me touche, m\u2019amuse ou me fait r\u00e9fl\u00e9chir, au fil des jours et des envies.\" \/>\n<meta property=\"og:url\" content=\"https:\/\/laplumequiraconte.fr\/index.php\/boite-comptines\/\" \/>\n<meta property=\"og:site_name\" content=\"La plume qui raconte\" \/>\n<meta property=\"article:modified_time\" content=\"2025-06-18T13:41:45+00:00\" \/>\n<meta name=\"twitter:card\" content=\"summary_large_image\" \/>\n<meta name=\"twitter:label1\" content=\"Dur\u00e9e de lecture estim\u00e9e\" \/>\n\t<meta name=\"twitter:data1\" content=\"2 minutes\" \/>\n<script type=\"application\/ld+json\" class=\"yoast-schema-graph\">{\"@context\":\"https:\/\/schema.org\",\"@graph\":[{\"@type\":\"WebPage\",\"@id\":\"https:\/\/laplumequiraconte.fr\/index.php\/boite-comptines\/\",\"url\":\"https:\/\/laplumequiraconte.fr\/index.php\/boite-comptines\/\",\"name\":\"Bo\u00eete \u00e0 comptines - La plume qui raconte\",\"isPartOf\":{\"@id\":\"https:\/\/laplumequiraconte.fr\/#website\"},\"datePublished\":\"2025-04-17T12:36:02+00:00\",\"dateModified\":\"2025-06-18T13:41:45+00:00\",\"description\":\"Bienvenue dans ma bo\u00eete \u00e0 comptines, o\u00f9 je partage ce qui me touche, m\u2019amuse ou me fait r\u00e9fl\u00e9chir, au fil des jours et des envies.\",\"breadcrumb\":{\"@id\":\"https:\/\/laplumequiraconte.fr\/index.php\/boite-comptines\/#breadcrumb\"},\"inLanguage\":\"fr-FR\",\"potentialAction\":[{\"@type\":\"ReadAction\",\"target\":[\"https:\/\/laplumequiraconte.fr\/index.php\/boite-comptines\/\"]}]},{\"@type\":\"BreadcrumbList\",\"@id\":\"https:\/\/laplumequiraconte.fr\/index.php\/boite-comptines\/#breadcrumb\",\"itemListElement\":[{\"@type\":\"ListItem\",\"position\":1,\"name\":\"Accueil\",\"item\":\"https:\/\/laplumequiraconte.fr\/\"},{\"@type\":\"ListItem\",\"position\":2,\"name\":\"Bo\u00eete \u00e0 comptines\"}]},{\"@type\":\"WebSite\",\"@id\":\"https:\/\/laplumequiraconte.fr\/#website\",\"url\":\"https:\/\/laplumequiraconte.fr\/\",\"name\":\"La plume qui raconte\",\"description\":\"Un blog guid\u00e9 par la curiosit\u00e9, au fil de mes d\u00e9couvertes\",\"publisher\":{\"@id\":\"https:\/\/laplumequiraconte.fr\/#organization\"},\"potentialAction\":[{\"@type\":\"SearchAction\",\"target\":{\"@type\":\"EntryPoint\",\"urlTemplate\":\"https:\/\/laplumequiraconte.fr\/?s={search_term_string}\"},\"query-input\":{\"@type\":\"PropertyValueSpecification\",\"valueRequired\":true,\"valueName\":\"search_term_string\"}}],\"inLanguage\":\"fr-FR\"},{\"@type\":\"Organization\",\"@id\":\"https:\/\/laplumequiraconte.fr\/#organization\",\"name\":\"La plume qui raconte\",\"url\":\"https:\/\/laplumequiraconte.fr\/\",\"logo\":{\"@type\":\"ImageObject\",\"inLanguage\":\"fr-FR\",\"@id\":\"https:\/\/laplumequiraconte.fr\/#\/schema\/logo\/image\/\",\"url\":\"https:\/\/laplumequiraconte.fr\/wp-content\/uploads\/2025\/04\/cropped-logo-@3x.png\",\"contentUrl\":\"https:\/\/laplumequiraconte.fr\/wp-content\/uploads\/2025\/04\/cropped-logo-@3x.png\",\"width\":333,\"height\":332,\"caption\":\"La plume qui raconte\"},\"image\":{\"@id\":\"https:\/\/laplumequiraconte.fr\/#\/schema\/logo\/image\/\"}}]}<\/script>\n<!-- \/ Yoast SEO plugin. -->","yoast_head_json":{"title":"Bo\u00eete \u00e0 comptines - La plume qui raconte","description":"Bienvenue dans ma bo\u00eete \u00e0 comptines, o\u00f9 je partage ce qui me touche, m\u2019amuse ou me fait r\u00e9fl\u00e9chir, au fil des jours et des envies.","robots":{"index":"index","follow":"follow","max-snippet":"max-snippet:-1","max-image-preview":"max-image-preview:large","max-video-preview":"max-video-preview:-1"},"canonical":"https:\/\/laplumequiraconte.fr\/index.php\/boite-comptines\/","og_locale":"fr_FR","og_type":"article","og_title":"Bo\u00eete \u00e0 comptines - La plume qui raconte","og_description":"Bienvenue dans ma bo\u00eete \u00e0 comptines, o\u00f9 je partage ce qui me touche, m\u2019amuse ou me fait r\u00e9fl\u00e9chir, au fil des jours et des envies.","og_url":"https:\/\/laplumequiraconte.fr\/index.php\/boite-comptines\/","og_site_name":"La plume qui raconte","article_modified_time":"2025-06-18T13:41:45+00:00","twitter_card":"summary_large_image","twitter_misc":{"Dur\u00e9e de lecture estim\u00e9e":"2 minutes"},"schema":{"@context":"https:\/\/schema.org","@graph":[{"@type":"WebPage","@id":"https:\/\/laplumequiraconte.fr\/index.php\/boite-comptines\/","url":"https:\/\/laplumequiraconte.fr\/index.php\/boite-comptines\/","name":"Bo\u00eete \u00e0 comptines - La plume qui raconte","isPartOf":{"@id":"https:\/\/laplumequiraconte.fr\/#website"},"datePublished":"2025-04-17T12:36:02+00:00","dateModified":"2025-06-18T13:41:45+00:00","description":"Bienvenue dans ma bo\u00eete \u00e0 comptines, o\u00f9 je partage ce qui me touche, m\u2019amuse ou me fait r\u00e9fl\u00e9chir, au fil des jours et des envies.","breadcrumb":{"@id":"https:\/\/laplumequiraconte.fr\/index.php\/boite-comptines\/#breadcrumb"},"inLanguage":"fr-FR","potentialAction":[{"@type":"ReadAction","target":["https:\/\/laplumequiraconte.fr\/index.php\/boite-comptines\/"]}]},{"@type":"BreadcrumbList","@id":"https:\/\/laplumequiraconte.fr\/index.php\/boite-comptines\/#breadcrumb","itemListElement":[{"@type":"ListItem","position":1,"name":"Accueil","item":"https:\/\/laplumequiraconte.fr\/"},{"@type":"ListItem","position":2,"name":"Bo\u00eete \u00e0 comptines"}]},{"@type":"WebSite","@id":"https:\/\/laplumequiraconte.fr\/#website","url":"https:\/\/laplumequiraconte.fr\/","name":"La plume qui raconte","description":"Un blog guid\u00e9 par la curiosit\u00e9, au fil de mes d\u00e9couvertes","publisher":{"@id":"https:\/\/laplumequiraconte.fr\/#organization"},"potentialAction":[{"@type":"SearchAction","target":{"@type":"EntryPoint","urlTemplate":"https:\/\/laplumequiraconte.fr\/?s={search_term_string}"},"query-input":{"@type":"PropertyValueSpecification","valueRequired":true,"valueName":"search_term_string"}}],"inLanguage":"fr-FR"},{"@type":"Organization","@id":"https:\/\/laplumequiraconte.fr\/#organization","name":"La plume qui raconte","url":"https:\/\/laplumequiraconte.fr\/","logo":{"@type":"ImageObject","inLanguage":"fr-FR","@id":"https:\/\/laplumequiraconte.fr\/#\/schema\/logo\/image\/","url":"https:\/\/laplumequiraconte.fr\/wp-content\/uploads\/2025\/04\/cropped-logo-@3x.png","contentUrl":"https:\/\/laplumequiraconte.fr\/wp-content\/uploads\/2025\/04\/cropped-logo-@3x.png","width":333,"height":332,"caption":"La plume qui raconte"},"image":{"@id":"https:\/\/laplumequiraconte.fr\/#\/schema\/logo\/image\/"}}]}},"_links":{"self":[{"href":"https:\/\/laplumequiraconte.fr\/index.php\/wp-json\/wp\/v2\/pages\/321","targetHints":{"allow":["GET"]}}],"collection":[{"href":"https:\/\/laplumequiraconte.fr\/index.php\/wp-json\/wp\/v2\/pages"}],"about":[{"href":"https:\/\/laplumequiraconte.fr\/index.php\/wp-json\/wp\/v2\/types\/page"}],"author":[{"embeddable":true,"href":"https:\/\/laplumequiraconte.fr\/index.php\/wp-json\/wp\/v2\/users\/1"}],"replies":[{"embeddable":true,"href":"https:\/\/laplumequiraconte.fr\/index.php\/wp-json\/wp\/v2\/comments?post=321"}],"version-history":[{"count":26,"href":"https:\/\/laplumequiraconte.fr\/index.php\/wp-json\/wp\/v2\/pages\/321\/revisions"}],"predecessor-version":[{"id":1246,"href":"https:\/\/laplumequiraconte.fr\/index.php\/wp-json\/wp\/v2\/pages\/321\/revisions\/1246"}],"wp:attachment":[{"href":"https:\/\/laplumequiraconte.fr\/index.php\/wp-json\/wp\/v2\/media?parent=321"}],"curies":[{"name":"wp","href":"https:\/\/api.w.org\/{rel}","templated":true}]}}